{"id":1046,"date":"2023-11-06T09:03:18","date_gmt":"2023-11-06T09:03:18","guid":{"rendered":"https:\/\/development.brstdev.com\/atferli\/?page_id=1046"},"modified":"2023-11-06T09:03:18","modified_gmt":"2023-11-06T09:03:18","slug":"press-releases-and-advertisements","status":"publish","type":"page","link":"https:\/\/atferli.is\/en\/press-releases-and-advertisements\/","title":{"rendered":"Press releases and advertisements"},"content":{"rendered":"\n<ul class=\"wp-block-list\">\n<li>Doctor of Philosophy (1983, October 12).&nbsp;Doctor of philosophy &#8211; Presentation of Kristj\u00e1n Gu\u00f0mundsson&#8217;s doctoral project, Morgunbla\u00f0i\u00f0, p.&nbsp;31.<\/li>\n\n\n\n<li>Doctoral defense in educational psychology (2006, October 17).&nbsp;Presentation of Anna-Lindar P\u00e9tursd\u00f3ttir&#8217;s doctoral defense.&nbsp;The morning newspaper, p.&nbsp;11.<\/li>\n\n\n\n<li>Private Tuition and Coaching (2005, August 18).&nbsp;Morning newspaper (advertisement), p.&nbsp;D21.<\/li>\n\n\n\n<li>Parents, teachers, principals and counselors in school services.&nbsp;Reading materials, courses, presentations, customized on-site training, general behavioral and teaching advice.&nbsp;Local service.&nbsp;(2000, October 18) Morgunbla\u00f0i\u00f0, (Advertisement), p.&nbsp;33.<\/li>\n\n\n\n<li>FnS (Fre\u00f0r\u00e6\u00f0net Su\u00f0urlands): Course in click training (2005, August 11).&nbsp;Southern, p.&nbsp;5.<\/li>\n\n\n\n<li>Lecture on teaching technology &#8211; Presentation of Anna-Lindar P\u00e9tursd\u00f3ttir&#8217;s seminar paper on Cand.&nbsp;Psych.&nbsp;his project.&nbsp;(2002, April 23).&nbsp;The morning newspaper, p.&nbsp;55.<\/li>\n\n\n\n<li>Health\/Lecture and course on behavioral therapy and children&#8217;s autism.&nbsp;Promote development and skills daily.&nbsp;(2007, June 11).&nbsp;Interview with Krist\u00edna Gu\u00f0mundsd\u00f3ttir.&nbsp;(Advertisement).&nbsp;The morning paper<\/li>\n\n\n\n<li>Course in behavioral therapy for children &#8211; presentation\/advertisement.&nbsp;(2000, February 24).&nbsp;The morning newspaper, p.&nbsp;59.<\/li>\n\n\n\n<li>Presentations, talks and learning workshops for teachers and schools all over the country.&nbsp;(2006, January 7).&nbsp;Morgunbla\u00f0\u00f0, Menntun, (Advertisement), p.&nbsp;21.<\/li>\n\n\n\n<li>Defended doctoral thesis in psychology &#8211; Announcement of Finn Oddsson&#8217;s doctoral defense (2000, December 21).&nbsp;The morning newspaper, p.&nbsp;9.<\/li>\n\n\n\n<li>Comments (1) One Response to &#8220;Articles and research by Icelanders&#8221;<\/li>\n\n\n\n<li>Lilja \u00ddr says: mars 20th, 2010 22:10 Valdimarsd\u00f3ttir, H., Halld\u00f3rsd\u00f3ttir, L.Y. &amp; Sigur\u00f0ard\u00f3ttir, Z.G. (2010). Increasing the variety of foods consumed by a picky eater: Generalization of effects across caregivers and settings, Journal of Applied Behavior Analysis, 43, 101-105.<\/li>\n<\/ul>\n","protected":false},"excerpt":{"rendered":"","protected":false},"author":1,"featured_media":0,"parent":0,"menu_order":0,"comment_status":"closed","ping_status":"closed","template":"","meta":{"inline_featured_image":false,"site-sidebar-layout":"default","site-content-layout":"","ast-site-content-layout":"","site-content-style":"default","site-sidebar-style":"default","ast-global-header-display":"","ast-banner-title-visibility":"","ast-main-header-display":"","ast-hfb-above-header-display":"","ast-hfb-below-header-display":"","ast-hfb-mobile-header-display":"","site-post-title":"","ast-breadcrumbs-content":"","ast-featured-img":"","footer-sml-layout":"","theme-transparent-header-meta":"","adv-header-id-meta":"","stick-header-meta":"","header-above-stick-meta":"","header-main-stick-meta":"","header-below-stick-meta":"","astra-migrate-meta-layouts":"default","ast-page-background-enabled":"default","ast-page-background-meta":{"desktop":{"background-color":"var(--ast-global-color-4)","background-image":"","background-repeat":"repeat","background-position":"center center","background-size":"auto","background-attachment":"scroll","background-type":"","background-media":"","overlay-type":"","overlay-color":"","overlay-gradient":""},"tablet":{"background-color":"","background-image":"","background-repeat":"repeat","background-position":"center center","background-size":"auto","background-attachment":"scroll","background-type":"","background-media":"","overlay-type":"","overlay-color":"","overlay-gradient":""},"mobile":{"background-color":"","background-image":"","background-repeat":"repeat","background-position":"center center","background-size":"auto","background-attachment":"scroll","background-type":"","background-media":"","overlay-type":"","overlay-color":"","overlay-gradient":""}},"ast-content-background-meta":{"desktop":{"background-color":"var(--ast-global-color-5)","background-image":"","background-repeat":"repeat","background-position":"center center","background-size":"auto","background-attachment":"scroll","background-type":"","background-media":"","overlay-type":"","overlay-color":"","overlay-gradient":""},"tablet":{"background-color":"var(--ast-global-color-5)","background-image":"","background-repeat":"repeat","background-position":"center center","background-size":"auto","background-attachment":"scroll","background-type":"","background-media":"","overlay-type":"","overlay-color":"","overlay-gradient":""},"mobile":{"background-color":"var(--ast-global-color-5)","background-image":"","background-repeat":"repeat","background-position":"center center","background-size":"auto","background-attachment":"scroll","background-type":"","background-media":"","overlay-type":"","overlay-color":"","overlay-gradient":""}},"footnotes":""},"class_list":["post-1046","page","type-page","status-publish","hentry"],"_links":{"self":[{"href":"https:\/\/atferli.is\/en\/wp-json\/wp\/v2\/pages\/1046","targetHints":{"allow":["GET"]}}],"collection":[{"href":"https:\/\/atferli.is\/en\/wp-json\/wp\/v2\/pages"}],"about":[{"href":"https:\/\/atferli.is\/en\/wp-json\/wp\/v2\/types\/page"}],"author":[{"embeddable":true,"href":"https:\/\/atferli.is\/en\/wp-json\/wp\/v2\/users\/1"}],"replies":[{"embeddable":true,"href":"https:\/\/atferli.is\/en\/wp-json\/wp\/v2\/comments?post=1046"}],"version-history":[{"count":1,"href":"https:\/\/atferli.is\/en\/wp-json\/wp\/v2\/pages\/1046\/revisions"}],"predecessor-version":[{"id":1047,"href":"https:\/\/atferli.is\/en\/wp-json\/wp\/v2\/pages\/1046\/revisions\/1047"}],"wp:attachment":[{"href":"https:\/\/atferli.is\/en\/wp-json\/wp\/v2\/media?parent=1046"}],"curies":[{"name":"wp","href":"https:\/\/api.w.org\/{rel}","templated":true}]}}