{"id":1044,"date":"2023-11-06T09:01:08","date_gmt":"2023-11-06T09:01:08","guid":{"rendered":"https:\/\/development.brstdev.com\/atferli\/?page_id=1044"},"modified":"2023-11-06T09:01:08","modified_gmt":"2023-11-06T09:01:08","slug":"books-chapters-and-brochures","status":"publish","type":"page","link":"https:\/\/atferli.is\/en\/books-chapters-and-brochures\/","title":{"rendered":"Books, chapters and brochures"},"content":{"rendered":"\n<ul class=\"wp-block-list\">\n<li>Ala\u2019i-Rosales, S., Thorisdottir, S., &amp; Etzel, B. C. (2003). Behavioral teacher training programs. In K. S. Budd &amp; T. Stokes (Eds.), A small matter of proof: The legacy of Donald M. Baer (bls. 151-165). Reno, NV: Context Press.<\/li>\n\n\n\n<li>Ald\u00eds Gu\u00f0mundsd\u00f3ttir and J\u00f6rgen Pind (2003).&nbsp;General Psychology: Mind, Brain, Behavior.&nbsp;Reykjav\u00edk: Language and culture.<\/li>\n\n\n\n<li>Chase, P. N., &amp; Bjarnadottir, G. S. (1992). Instructing variability: Some features of a problem-solving repertoire. In L. J. Hayes &amp; S. C. Hayes (Eds.), Understanding verbal relations (bls. 181-193). Reno, NV: Context Press.<\/li>\n\n\n\n<li>Finn Oddsson (2005).&nbsp;Does behavioral analysis have a role in business?&nbsp;In J\u00f3n Gr\u00e9tar Sigurj\u00f3nsson, Jara Kristina Thomasd\u00f3ttir and P\u00e1ll Jakob L\u00edndal (eds.) Where is she now?: The legacy of behavioral policy in the 21st century (pp. 214-244).&nbsp;Reykjav\u00edk: University Press.<\/li>\n\n\n\n<li>Gu\u00f0r\u00ed\u00f0ur Adda Ragnarsd\u00f3ttir (1999).&nbsp;Take good advice.&nbsp;Refers to a behavior management manual for parents, teachers and counselors in school services.&nbsp;Akureyri: School service of Ey\u00feing.&nbsp;Loose-leaf folder, 100 pages.&nbsp;ISBN: 0-9979-60-501-4<\/li>\n\n\n\n<li>Gu\u00f0r\u00ed\u00f0ur Adda Ragnarsd\u00f3ttir (2005).&nbsp;Examples of basic research: Molecular analysis of activities regulated by two parallel payment systems.&nbsp;In J\u00f3n Gr\u00e9tar Sigurj\u00f3nsson, Jara Kristina Thomasd\u00f3ttir and P\u00e1ll Jakob L\u00edndal (eds.), Where is she now?: The legacy of behavioral policy in the 21st century (pp. 117-160).&nbsp;Reykjav\u00edk: University Press.<\/li>\n\n\n\n<li>Gu\u00f0r\u00ed\u00f0ur Adda Ragnarsd\u00f3ttir (2005).&nbsp;How can problems in learning and behavior be prevented and solved with the skills training Precision Teaching?&nbsp;In J\u00f3n Gr\u00e9tar Sigurj\u00f3nsson, Jara Kristina Thomasd\u00f3ttir and P\u00e1ll Jakob L\u00edndal (eds.) Where is she now?: The legacy of behavioral policy in the 21st century (pp. 176-213).&nbsp;Reykjav\u00edk: University Press.<\/li>\n\n\n\n<li>Gylfi J\u00f3n Gylfason (2005).&nbsp;SOS &#8211; help for parents.&nbsp;To change parenting in an entire part of the country.&nbsp;In J\u00f3n Gr\u00e9tar Sigurj\u00f3nsson, Jara Kristina Thomasd\u00f3ttir, and P\u00e1ll Jakob L\u00edndal (eds.), Where is she now?: The legacy of behavioral policy in the 21st century (pp. 245-261).&nbsp;Reykjav\u00edk: University Press.<\/li>\n\n\n\n<li>Gylfi J\u00f3n Gylfason and others.&nbsp;(2005, May).&nbsp;ADHD.&nbsp;Educational material for parents, teachers and children.&nbsp;Reykjav\u00edk, ADHD association.<\/li>\n\n\n\n<li>Ingvarsson, E. T., &amp; Hanley, G. P. (2005). Scientific method. In N. Salkind (Ed.), Encyclopedia of human development (pp. 1124-1126). Thousand Oaks, CA: Sage.<\/li>\n\n\n\n<li>J\u00f3n Gr\u00e9tar Sigurj\u00f3nsson, Jara Kristina Thomasd\u00f3ttir and P\u00e1ll Jakob L\u00edndal (editor).&nbsp;(2005).&nbsp;Where is she now?: The legacy of behaviorism in the 21st century.&nbsp;Reykjav\u00edk: University Press.<\/li>\n\n\n\n<li>Kahng, S., Ingvarsson, E. T., Quigg, A. M., Seckinger, K. E., &amp; Teichman, H. M. (in press). Defining and measuring behavior. In W. W. Fisher, C. C. Piazza, &amp; H. S. Roane (Eds.), Handbook of applied behavior analysis. Baltimore: Paul H. Brookes.<\/li>\n\n\n\n<li>Kristj\u00e1n Gu\u00f0mundsson (2005).&nbsp;The surprising origins of Skinner&#8217;s theory of operant behavior.&nbsp;In J\u00f3n Gr\u00e9tar Sigurj\u00f3nsson, Jara Kristina Thomasd\u00f3ttir and P\u00e1ll Jakob L\u00edndal (eds.) Where is she now?: The legacy of behavioral policy in the 21st century (pp. 12-51).&nbsp;Reykjav\u00edk: University Press.<\/li>\n\n\n\n<li>Kristj\u00e1n Gu\u00f0mundsson and Lilja \u00d3sk \u00dalfarsd\u00f3ttir (2005).&nbsp;Introduction to Psychology.&nbsp;Reykjav\u00edk, JPV edition.<\/li>\n\n\n\n<li>Magn\u00fas Kristj\u00e1nsson (2005).&nbsp;Dennett and Skinner.&nbsp;In J\u00f3n Gr\u00e9tar Sigurj\u00f3nsson, Jara Kristina Thomasd\u00f3ttir and P\u00e1ll Jakob L\u00edndal (eds.) Where is she now?: The legacy of behavioral policy in the 21st century (pp. 52-63).&nbsp;Reykjav\u00edk: University Press.<\/li>\n\n\n\n<li>Miguel, C. F., &amp; Petursdottir, A. I. (scheduled for publication). Naming and frames of coordination. In R. A. Rehfeldt, &amp; Y. Barnes-Holmes (Eds.), Derived Relational Responding: Implications for Learners with Autism and Other Developmental Disabilities. New Harbinger.<\/li>\n\n\n\n<li>Sigr\u00ed\u00f0ur L\u00f3a J\u00f3nsd\u00f3ttir (2000).&nbsp;Treatment of problematic behavior.&nbsp;In Brynd\u00eds Halld\u00f3rsd\u00f3ttir, Stef\u00e1n Hrei\u00f0arsson and Tryggvi Sigur\u00f0sson (Editors), Developmental Disabilities (pp. 75-79).&nbsp;The government&#8217;s diagnostic and advisory center.<\/li>\n\n\n\n<li>Sigur\u00f0ur J. Gr\u00e9tarsson (2003).&nbsp;Did she give up on the swings?&nbsp;The fate and legacy of behaviorism.&nbsp;In Kristj\u00e1n Kristj\u00e1nson and Logi Gunnarsson (Eds.), Heimspekimessa (pp. 57-68).&nbsp;Reykjav\u00edk: University Press.<\/li>\n\n\n\n<li>Sigur\u00f0ur J. Gr\u00e9tarsson (2005).&nbsp;Skinner\u00b4s Psychology: Unique Solutions and Inherent Problems.&nbsp;In J\u00f3n Gr\u00e9tar Sigurj\u00f3nsson, Jara Kristina Thomasd\u00f3ttir and P\u00e1ll Jakob L\u00edndal (eds.), Where is she now?: The legacy of behavioral policy in the 21st century (pp. 64-77).&nbsp;Reykjav\u00edk: University Press.<\/li>\n\n\n\n<li>Zuilma Gabr\u00edela Sigur\u00f0ard\u00f3ttir (2005).&nbsp;The behavior that seemed to have no precedent.&nbsp;In J\u00f3n Gr\u00e9tar Sigurj\u00f3nsson, Jara Kristina Thomasd\u00f3ttir and P\u00e1ll Jakob L\u00edndal (eds.) Where is she now?: The legacy of behavioral policy in the 21st century (pp. 78-97).&nbsp;Reykjav\u00edk: University Press.<\/li>\n\n\n\n<li>\u00deorl\u00e1kur Karlsson (2005).&nbsp;Why is the individual profile a more reliable research method than the group profile?&nbsp;In J\u00f3n Gr\u00e9tar Sigurj\u00f3nsson, Jara Kristina Thomasd\u00f3ttir and P\u00e1ll Jakob L\u00edndal (eds.), Where is she now?: The legacy of behavioral policy in the 21st century (pp. 161-175).&nbsp;Reykjav\u00edk: University Press.<\/li>\n<\/ul>\n","protected":false},"excerpt":{"rendered":"","protected":false},"author":1,"featured_media":0,"parent":0,"menu_order":0,"comment_status":"closed","ping_status":"closed","template":"","meta":{"inline_featured_image":false,"site-sidebar-layout":"default","site-content-layout":"","ast-site-content-layout":"","site-content-style":"default","site-sidebar-style":"default","ast-global-header-display":"","ast-banner-title-visibility":"","ast-main-header-display":"","ast-hfb-above-header-display":"","ast-hfb-below-header-display":"","ast-hfb-mobile-header-display":"","site-post-title":"","ast-breadcrumbs-content":"","ast-featured-img":"","footer-sml-layout":"","theme-transparent-header-meta":"","adv-header-id-meta":"","stick-header-meta":"","header-above-stick-meta":"","header-main-stick-meta":"","header-below-stick-meta":"","astra-migrate-meta-layouts":"default","ast-page-background-enabled":"default","ast-page-background-meta":{"desktop":{"background-color":"var(--ast-global-color-4)","background-image":"","background-repeat":"repeat","background-position":"center center","background-size":"auto","background-attachment":"scroll","background-type":"","background-media":"","overlay-type":"","overlay-color":"","overlay-gradient":""},"tablet":{"background-color":"","background-image":"","background-repeat":"repeat","background-position":"center center","background-size":"auto","background-attachment":"scroll","background-type":"","background-media":"","overlay-type":"","overlay-color":"","overlay-gradient":""},"mobile":{"background-color":"","background-image":"","background-repeat":"repeat","background-position":"center center","background-size":"auto","background-attachment":"scroll","background-type":"","background-media":"","overlay-type":"","overlay-color":"","overlay-gradient":""}},"ast-content-background-meta":{"desktop":{"background-color":"var(--ast-global-color-5)","background-image":"","background-repeat":"repeat","background-position":"center center","background-size":"auto","background-attachment":"scroll","background-type":"","background-media":"","overlay-type":"","overlay-color":"","overlay-gradient":""},"tablet":{"background-color":"var(--ast-global-color-5)","background-image":"","background-repeat":"repeat","background-position":"center center","background-size":"auto","background-attachment":"scroll","background-type":"","background-media":"","overlay-type":"","overlay-color":"","overlay-gradient":""},"mobile":{"background-color":"var(--ast-global-color-5)","background-image":"","background-repeat":"repeat","background-position":"center center","background-size":"auto","background-attachment":"scroll","background-type":"","background-media":"","overlay-type":"","overlay-color":"","overlay-gradient":""}},"footnotes":""},"class_list":["post-1044","page","type-page","status-publish","hentry"],"_links":{"self":[{"href":"https:\/\/atferli.is\/en\/wp-json\/wp\/v2\/pages\/1044","targetHints":{"allow":["GET"]}}],"collection":[{"href":"https:\/\/atferli.is\/en\/wp-json\/wp\/v2\/pages"}],"about":[{"href":"https:\/\/atferli.is\/en\/wp-json\/wp\/v2\/types\/page"}],"author":[{"embeddable":true,"href":"https:\/\/atferli.is\/en\/wp-json\/wp\/v2\/users\/1"}],"replies":[{"embeddable":true,"href":"https:\/\/atferli.is\/en\/wp-json\/wp\/v2\/comments?post=1044"}],"version-history":[{"count":1,"href":"https:\/\/atferli.is\/en\/wp-json\/wp\/v2\/pages\/1044\/revisions"}],"predecessor-version":[{"id":1045,"href":"https:\/\/atferli.is\/en\/wp-json\/wp\/v2\/pages\/1044\/revisions\/1045"}],"wp:attachment":[{"href":"https:\/\/atferli.is\/en\/wp-json\/wp\/v2\/media?parent=1044"}],"curies":[{"name":"wp","href":"https:\/\/api.w.org\/{rel}","templated":true}]}}