{"id":1042,"date":"2023-11-06T08:59:04","date_gmt":"2023-11-06T08:59:04","guid":{"rendered":"https:\/\/development.brstdev.com\/atferli\/?page_id=1042"},"modified":"2023-11-06T08:59:04","modified_gmt":"2023-11-06T08:59:04","slug":"non-peer-reviewed-articles","status":"publish","type":"page","link":"https:\/\/atferli.is\/en\/non-peer-reviewed-articles\/","title":{"rendered":"Non-peer reviewed articles"},"content":{"rendered":"\n<p>Articles and news published in newspapers, newsletters, non-peer reviewed magazines, etc.<\/p>\n\n\n\n<ul class=\"wp-block-list\">\n<li>Raised in a glass cage.&nbsp;(1981, October 6).&nbsp;The morning newspaper, p.&nbsp;21.<\/li>\n\n\n\n<li>All innovative signboards.&nbsp;(1988, June 29).&nbsp;The Time, p.&nbsp;20<\/li>\n\n\n\n<li>Anna Gu\u00f0r\u00fan Steinsson (2005).&nbsp;Is my baby well?&nbsp;Education, 4, 18, 56-57.<\/li>\n\n\n\n<li>Anna Ingeborg P\u00e9tursd\u00f3ttir and Krist\u00edn Gu\u00f0mundsd\u00f3ttir (November 29, 2006).&nbsp;Behavior and expertise.&nbsp;The morning newspaper, p.&nbsp;29.<\/li>\n\n\n\n<li>Human behavior does not follow simple laws at all &#8211; interview with Zuilma Gabr\u00edela Sigur\u00f0ard\u00f3ttir.&nbsp;(1997, December 19).&nbsp;The morning newspaper, p.&nbsp;8B.<\/li>\n\n\n\n<li>Behavioral analysis grows on the side of the axis &#8211; About the establishment of the Association of Behavioral Analysis enthusiasts in Iceland.&nbsp;(2004, August 16).&nbsp;The morning newspaper, p.&nbsp;31.<\/li>\n\n\n\n<li>Eir\u00edkur \u00d6rn Arnarson and Sigr\u00ed\u00f0ur L\u00f3a J\u00f3nsd\u00f3ttir (1983).&nbsp;The use of an individual trial format in evaluating the effectiveness of behavior therapy.&nbsp;The medical student, 36, 34-39.<\/li>\n\n\n\n<li>Gabriela Sigur\u00f0ard\u00f3ttir (1996, March 18).&nbsp;Parallels between traffic violence and domestic violence.&nbsp;DV, p.&nbsp;10.<\/li>\n\n\n\n<li>Can cats detect drugs?&nbsp;Young scientists on their way to the European competition.&nbsp;(2004, September 24).&nbsp;The morning newspaper, p.&nbsp;9.<\/li>\n\n\n\n<li>Gr\u00edmur Atlason (2001, April 1).&nbsp;The role of memory.&nbsp;The morning newspaper, p.&nbsp;22B.<\/li>\n\n\n\n<li>Gu\u00f0r\u00ed\u00f0ur Adda Ragnarsd\u00f3ttir (1991, April 13).&nbsp;A Pioneer in the Behavioral Sciences \u2013 About BF Skinner.&nbsp;Morgunbla\u00f0in&#8217;s reading book, 6-7.<\/li>\n\n\n\n<li>Gu\u00f0r\u00ed\u00f0ur Adda Ragnarsd\u00f3ttir (1993, June 12).&nbsp;Teaching with computers and communication between them.&nbsp;Morgunbla\u00f0in&#8217;s reading book, p.&nbsp;2.<\/li>\n\n\n\n<li>Gu\u00f0r\u00ed\u00f0ur Adda Ragnarsd\u00f3ttir (1993).&nbsp;Distance education through computer communication.&nbsp;Morgunbla\u00f0in&#8217;s reading book, June 19, p.&nbsp;10.<\/li>\n\n\n\n<li>Gu\u00f0r\u00ed\u00f0ur Adda Ragnarsd\u00f3ttir (1996, March 29).&nbsp;Anyone can learn and learn a lot if they are taught well.&nbsp;The morning newspaper, p.&nbsp;38.<\/li>\n\n\n\n<li>Gu\u00f0r\u00ed\u00f0ur Adda Ragnarsd\u00f3ttir (1996).&nbsp;If the will grows, it will go well.&nbsp;Some basic principles of behavioral science when designing teaching materials.&nbsp;Computers, the journal of the Information Technology Association of Iceland 21, 4. (October), 19 \u2013 25.<\/li>\n\n\n\n<li>Gu\u00f0r\u00ed\u00f0ur Adda Ragnarsd\u00f3ttir (1997).&nbsp;When the giant roars \u2013 On the utility of behavioral science in quality management.&nbsp;Dropinn &#8211; magazine of the Icelandic Quality Management Association, 4, 10-11.<\/li>\n\n\n\n<li>Gu\u00f0r\u00ed\u00f0ur Adda Ragnarsd\u00f3ttir (1998).&nbsp;Specialist services for children in primary schools.&nbsp;New Education Issues 16, 1, 29 \u2013 35.<\/li>\n\n\n\n<li>Gu\u00f0r\u00ed\u00f0ur Adda Ragnarsd\u00f3ttir (1988).&nbsp;Research presentation: Behavioral research at H.\u00cd.&nbsp;Newsletter of the University of Iceland 10, 1, 3 \u2013 6,<\/li>\n\n\n\n<li>Gu\u00f0r\u00ed\u00f0ur Adda Ragnarsd\u00f3ttir (2000, January 8).&nbsp;Flying brings students I. \u2013 About Morningside School&#8217;s teaching technique.&nbsp;The morning newspaper, p.&nbsp;30-31.<\/li>\n\n\n\n<li>Gu\u00f0r\u00ed\u00f0ur Adda Ragnarsd\u00f3ttir (2000, January 22).&nbsp;Flying brings students II.&nbsp;\u2013 About Morningside School&#8217;s teaching techniques.&nbsp;The morning newspaper, p.&nbsp;34-35.<\/li>\n\n\n\n<li>Gu\u00f0r\u00ed\u00f0ur Adda Ragnarsd\u00f3ttir (2001).&nbsp;About the penalty point system in schools.&nbsp;Home and school newsletter 8, 2, 5 \u2013 6.<\/li>\n\n\n\n<li>Gu\u00f0r\u00ed\u00f0ur Adda Ragnarsd\u00f3ttir (2002).&nbsp;Clicker training.&nbsp;Same&nbsp;The magazine of the Iceland Dog Breeding Association.&nbsp;24, 1 (May), 5 \u2013 9.<\/li>\n\n\n\n<li>Gu\u00f0r\u00ed\u00f0ur Adda Ragnarsd\u00f3ttir (2004, August 17).&nbsp;What is Behavior Analysis?&nbsp;The newspaper, p.&nbsp;20.<\/li>\n\n\n\n<li>Gu\u00f0r\u00ed\u00f0ur Adda Ragnarsd\u00f3ttir (2005, August 18).&nbsp;Behavioral analysis and educational counseling: Reading, writing and arithmetic.&nbsp;The morning newspaper, p.&nbsp;48D.<\/li>\n\n\n\n<li>Gunnar Haugen, \u00c6gir M\u00e1r \u00de\u00f3risson, Zuilma Gabriela Sigur\u00f0ard\u00f3ttir, Ragnar S. Ragnarsson, Finnur Oddsson, Atli F. Magn\u00fasson, Anna-Lind P\u00e9tursd\u00f3ttir, Ingibj\u00f6rg Sveinsd\u00f3ttir and Sigur\u00f0ur \u00d3li Sigur\u00f0sson (2002, November 13).&nbsp;Systematic use of punishments undesirable.&nbsp;The morning newspaper, p.&nbsp;33.<\/li>\n\n\n\n<li>Gu\u00f0r\u00ed\u00f0ur Adda Ragnarsd\u00f3ttir (2006, August 18).&nbsp;When the math gets way too hard.&nbsp;Morning newspaper, schools and courses, p.&nbsp;45-46.<\/li>\n\n\n\n<li>Gylfi J\u00f3n Gylfason.&nbsp;(2002, 3rd tbl. 15th year).&nbsp;Want to get better at organizing yourself?&nbsp;Newsletter of the Association of Parents of Dysfunctional Children.<\/li>\n\n\n\n<li>Gylfi J\u00f3n Gylfason.&nbsp;(2003, January 23).&nbsp;How do you do homework with your child?&nbsp;V\u00edk news.<\/li>\n\n\n\n<li>Gylfi J\u00f3n Gylfason.&nbsp;(2003, January 30).&nbsp;How do you help your child study?&nbsp;V\u00edk news.<\/li>\n\n\n\n<li>Gylfi J\u00f3n Gylfason.&nbsp;(2003, February 6).&nbsp;Do you have a good relationship with the school your child attends?&nbsp;V\u00edk news.<\/li>\n\n\n\n<li>Gylfi J\u00f3n Gylfason.&nbsp;(2003, February 13).&nbsp;Is the granny rule used in your home?&nbsp;V\u00edk news.<\/li>\n\n\n\n<li>Gylfi J\u00f3n Gylfason.&nbsp;(2003, February 27).&nbsp;Does your child have good role models?&nbsp;V\u00edk news.<\/li>\n\n\n\n<li>Gylfi J\u00f3n Gylfason.&nbsp;( 2003, March 11).&nbsp;Communication in families of hyperactive children.&nbsp;The morning paper.<\/li>\n\n\n\n<li>Gylfi J\u00f3n Gylfason.&nbsp;(2003 March 27).&nbsp;Do you use rewards to improve your child&#8217;s academic performance?&nbsp;V\u00edk news.<\/li>\n\n\n\n<li>Gylfi J\u00f3n Gylfason.&nbsp;(2004, March 4).&nbsp;Increased parental responsibility.&nbsp;The morning paper.<\/li>\n\n\n\n<li>Gylfi J\u00f3n Gylfason.&nbsp;(2003, 2. tbl.16.arg.).&nbsp;The wolf time.&nbsp;Newsletter of the association of parents of children with AD\/HD.<\/li>\n\n\n\n<li>Gylfi J\u00f3n Gylfason.&nbsp;(2003, April 16).&nbsp;Do you use written contracts to improve your child&#8217;s academic performance or behavior?&nbsp;V\u00edk news.<\/li>\n\n\n\n<li>Gylfi J\u00f3n Gylfason. (2005, May 29).&nbsp;Icelanders world champions in parenting?&nbsp;The morning paper.<\/li>\n\n\n\n<li>Gylfi J\u00f3n Gylfason.&nbsp;(1998, August 9).&nbsp;Hyperactivity, impulsivity and inattention.&nbsp;The morning paper.<\/li>\n\n\n\n<li>The short-haired cat attracts attention.&nbsp;About prize projects in the science competition for young people.&nbsp;(2004, September 29).&nbsp;The morning newspaper, p.&nbsp;4.<\/li>\n\n\n\n<li>Employee fear of change is normal.&nbsp;Interview with Gu\u00f0finna Bjarnad\u00f3ttir.&nbsp;(1995, November 23).&nbsp;The morning newspaper, p.&nbsp;B8.<\/li>\n\n\n\n<li>Karlsson, Th., Ragnarsd\u00f3ttir, GA, Ragnarsson, RS Sigur\u00f0dard\u00f3ttir, ZG &amp; Thorisd\u00f3ttir, S. (1997).&nbsp;Status of behavior analysis in Iceland.&nbsp;Association for Behavior Analysis Newsletter, 19. 15-16.<\/li>\n\n\n\n<li>Krist\u00edn Gu\u00f0mundsd\u00f3ttir and Sigr\u00ed\u00f0ur L\u00f3a J\u00f3nsd\u00f3ttir (2006).&nbsp;Functional behavior analysis and young children with developmental disabilities.&nbsp;The Linguist, 19 (1).&nbsp;pp. 11-13.<\/li>\n\n\n\n<li>Kristj\u00e1n G. Arngr\u00edmsson (2004, May 8).&nbsp;The baby in the box.&nbsp;The wandering story of raising Skinner&#8217;s daughters.&nbsp;Morgunbla\u00f0in&#8217;s reading book, p.&nbsp;5.<\/li>\n\n\n\n<li>L\u00e1rus P\u00e9tursson and Snorri Sigur\u00f0sson (1999, November 23).&nbsp;Fully automatic milking machine.&nbsp;Farmer&#8217;s newspaper, p.&nbsp;5.<\/li>\n\n\n\n<li>Freed from a closed world.&nbsp;Interview with Ivaar Lovaas and Sigr\u00ed\u00f0i L\u00f3u J\u00f3nsd\u00f3ttir (1995, May 28).&nbsp;The morning newspaper, p.&nbsp;10.<\/li>\n\n\n\n<li>Blamed the second hash cat &#8211; about the fate of the experimental animals used in the prize project of young scientists.&nbsp;(2004, October 29).&nbsp;DV, p.&nbsp;12.<\/li>\n\n\n\n<li>Matthews, T. J., Bragason, O., &amp; Yee, B. (1991). The comparator ratio \u2013 stimulus-control of the numerator. Bulletin of the Psychonomic Society, 29, 474.<\/li>\n\n\n\n<li>Treatment of post-stroke aphasia symptoms (2006 Oct 25).&nbsp;Rann\u00eds newspaper, p.&nbsp;16.<\/li>\n\n\n\n<li>Using sound decoys to attract maturity in herd fire (2007, July 11).&nbsp;The morning newspaper, p.&nbsp;13.<\/li>\n\n\n\n<li>Ragnarsd\u00f3ttir, A., Ragnarsson, R., \u00de\u00f3risd\u00f3ttir, S., Karlsson, T., &amp; Sigur\u00f0ard\u00f3ttir, ZG (1996).&nbsp;The status of behavior analysis in Iceland.&nbsp;ABA Newsletter, 19, p.&nbsp;15.<\/li>\n\n\n\n<li>Ragnar S. Ragnarsson (2001, May 5).&nbsp;A strong and growing scientific discipline \u2013 about behavior analysis.&nbsp;The morning newspaper, p.&nbsp;44.<\/li>\n\n\n\n<li>Ragnar S. Ragnarsson (2002, February 7).&nbsp;School out in the swamp\u2026?&nbsp;Sunnlenska news paper, p.&nbsp;11.<\/li>\n\n\n\n<li>Ragnhei\u00f0ur Briem (1986).&nbsp;The third point of view.&nbsp;N\u00fd Menntam\u00e1l, 4, 20-23.<\/li>\n\n\n\n<li>Ragnhei\u00f0ur Briem (1999, May 15).&nbsp;Experience story of spelling teachers I. Morgunbla\u00f0i\u00f0, p.&nbsp;48.<\/li>\n\n\n\n<li>Ragnhei\u00f0ur Briem (1999, May 22).&nbsp;The experience of spelling teachers II.&nbsp;The morning newspaper, p.&nbsp;31.<\/li>\n\n\n\n<li>Sigr\u00ed\u00f0ur L\u00f3a J\u00f3nsd\u00f3ttir (1997).&nbsp;Behavioral treatment of children with autism \u2013 Practical considerations.&nbsp;Umsj\u00f3n, 20th anniversary publication of the Autism Association, 34-37.<\/li>\n\n\n\n<li>Sigr\u00ed\u00f0ur L\u00f3a J\u00f3nsd\u00f3ttir and Anna-Lind P\u00e9tursd\u00f3ttir (1996).&nbsp;Behavior therapy for children with autism and related developmental disorders.&nbsp;The magazine Troskahj\u00e1l, 18, 19-28.<\/li>\n\n\n\n<li>Sigr\u00ed\u00f0ur L\u00f3a J\u00f3nsd\u00f3ttir and Ing\u00f3lfur Einarsson (2005).&nbsp;Early behavioral training for children with autism.&nbsp;Joy.&nbsp;Journal of education and school issues, 15, 12-19.<\/li>\n\n\n\n<li>Sigr\u00ed\u00f0ur L\u00f3a J\u00f3nsd\u00f3ttir (2003).&nbsp;Integration of children with autism in ABA behandlingforl\u00f6b \u2013 de islandske erfaringer.&nbsp;Autismebladet, 4, 17-20.<\/li>\n\n\n\n<li>Sigr\u00ed\u00f0ur Valgeirsd\u00f3ttir (1972).&nbsp;Advanced learning and new assessment methods.&nbsp;Education, 45, 36-42.<\/li>\n\n\n\n<li>Sigr\u00fan Heimisd\u00f3ttir, Hermundur Sigmundsson and Sj\u00f6fn Evertsd\u00f3ttir (2006, October 18).&nbsp;Do boys get the wrong reading lessons in schools?&nbsp;The morning newspaper, p.&nbsp;32.<\/li>\n\n\n\n<li>Sigurdsson, S. O., &amp; Austin, J. (2002, Winter). Should we be measuring effect size in applied behavior analysis? OBM Network Newsletter, 16, 10-13.<\/li>\n\n\n\n<li>Sigurjonsson, J.G., Thomasdottir, J.L. and Lindal, P.J. (2004). A 100th Birthday Conference, Behaviorology Today, 7, 2.<\/li>\n\n\n\n<li>Psychology student signs reduce driving speed.&nbsp;(1988, July 30).&nbsp;The morning newspaper, p.&nbsp;45.<\/li>\n\n\n\n<li>&#8220;Signage&#8221; beats speed in traffic.&nbsp;(1988, July 27).&nbsp;The Time, p.&nbsp;20.<\/li>\n\n\n\n<li>Lack of common sense in school work \u2013 interview with Ragnhei\u00f0i Briem.&nbsp;(1998, January 13).&nbsp;The morning newspaper, p.&nbsp;32.<\/li>\n\n\n\n<li>School for the Autistic Necessity (2007, August 12).&nbsp;The morning newspaper, p.&nbsp;30<\/li>\n\n\n\n<li>Aiming for improved service and increased efficiency.&nbsp;Performance management course for Reykjav\u00edk city officials.&nbsp;(1997, March 13).&nbsp;The morning newspaper, p.&nbsp;13.<\/li>\n\n\n\n<li>From the laboratory to the store.&nbsp;Presentation of Valdimar Sigur\u00f0sson&#8217;s doctoral project (2008, February 9).&nbsp;The morning newspaper, p.&nbsp;43.<\/li>\n\n\n\n<li>Do autistic children need an investor?&nbsp;(2008, August 12).&nbsp;The morning newspaper, p.&nbsp;31.<\/li>\n\n\n\n<li>Wants to see if telemedicine methods are suitable for Icelandic conditions.&nbsp;Interview with Krist\u00edna Gu\u00f0mundsd\u00f3ttir (2008, February 26).&nbsp;Farmer&#8217;s newspaper, p.&nbsp;28.<\/li>\n\n\n\n<li>Zuilma Gabr\u00edela Sigur\u00f0ard\u00f3ttir (2006, April 8).&nbsp;If a guy is boring, what should I do?&nbsp;The newspaper, p.&nbsp;33.<\/li>\n\n\n\n<li>Training from morning to night \u2013 About behavioral therapy for autism.&nbsp;(2001, February 9).&nbsp;The morning newspaper, p.&nbsp;6D-7D.<\/li>\n\n\n\n<li>\u00deorsteinn Gylfason (1980, May 3).&nbsp;Theory or blackmail.&nbsp;Morning newspaper p.&nbsp;10-11.<\/li>\n\n\n\n<li>The need for special schools for autistic people (2007, August 12).&nbsp;The morning newspaper, p.&nbsp;1.<\/li>\n\n\n\n<li>Driving speed decreased from 69 to 63 km\/h.&nbsp;(1988, July 28).&nbsp;The Time, p.&nbsp;3<\/li>\n<\/ul>\n","protected":false},"excerpt":{"rendered":"<p>Articles and news published in newspapers, newsletters, non-peer reviewed magazines, etc.<\/p>\n","protected":false},"author":1,"featured_media":0,"parent":0,"menu_order":0,"comment_status":"closed","ping_status":"closed","template":"","meta":{"inline_featured_image":false,"site-sidebar-layout":"default","site-content-layout":"","ast-site-content-layout":"","site-content-style":"default","site-sidebar-style":"default","ast-global-header-display":"","ast-banner-title-visibility":"","ast-main-header-display":"","ast-hfb-above-header-display":"","ast-hfb-below-header-display":"","ast-hfb-mobile-header-display":"","site-post-title":"","ast-breadcrumbs-content":"","ast-featured-img":"","footer-sml-layout":"","theme-transparent-header-meta":"","adv-header-id-meta":"","stick-header-meta":"","header-above-stick-meta":"","header-main-stick-meta":"","header-below-stick-meta":"","astra-migrate-meta-layouts":"default","ast-page-background-enabled":"default","ast-page-background-meta":{"desktop":{"background-color":"var(--ast-global-color-4)","background-image":"","background-repeat":"repeat","background-position":"center center","background-size":"auto","background-attachment":"scroll","background-type":"","background-media":"","overlay-type":"","overlay-color":"","overlay-gradient":""},"tablet":{"background-color":"","background-image":"","background-repeat":"repeat","background-position":"center center","background-size":"auto","background-attachment":"scroll","background-type":"","background-media":"","overlay-type":"","overlay-color":"","overlay-gradient":""},"mobile":{"background-color":"","background-image":"","background-repeat":"repeat","background-position":"center center","background-size":"auto","background-attachment":"scroll","background-type":"","background-media":"","overlay-type":"","overlay-color":"","overlay-gradient":""}},"ast-content-background-meta":{"desktop":{"background-color":"var(--ast-global-color-5)","background-image":"","background-repeat":"repeat","background-position":"center center","background-size":"auto","background-attachment":"scroll","background-type":"","background-media":"","overlay-type":"","overlay-color":"","overlay-gradient":""},"tablet":{"background-color":"var(--ast-global-color-5)","background-image":"","background-repeat":"repeat","background-position":"center center","background-size":"auto","background-attachment":"scroll","background-type":"","background-media":"","overlay-type":"","overlay-color":"","overlay-gradient":""},"mobile":{"background-color":"var(--ast-global-color-5)","background-image":"","background-repeat":"repeat","background-position":"center center","background-size":"auto","background-attachment":"scroll","background-type":"","background-media":"","overlay-type":"","overlay-color":"","overlay-gradient":""}},"footnotes":""},"class_list":["post-1042","page","type-page","status-publish","hentry"],"_links":{"self":[{"href":"https:\/\/atferli.is\/en\/wp-json\/wp\/v2\/pages\/1042","targetHints":{"allow":["GET"]}}],"collection":[{"href":"https:\/\/atferli.is\/en\/wp-json\/wp\/v2\/pages"}],"about":[{"href":"https:\/\/atferli.is\/en\/wp-json\/wp\/v2\/types\/page"}],"author":[{"embeddable":true,"href":"https:\/\/atferli.is\/en\/wp-json\/wp\/v2\/users\/1"}],"replies":[{"embeddable":true,"href":"https:\/\/atferli.is\/en\/wp-json\/wp\/v2\/comments?post=1042"}],"version-history":[{"count":1,"href":"https:\/\/atferli.is\/en\/wp-json\/wp\/v2\/pages\/1042\/revisions"}],"predecessor-version":[{"id":1043,"href":"https:\/\/atferli.is\/en\/wp-json\/wp\/v2\/pages\/1042\/revisions\/1043"}],"wp:attachment":[{"href":"https:\/\/atferli.is\/en\/wp-json\/wp\/v2\/media?parent=1042"}],"curies":[{"name":"wp","href":"https:\/\/api.w.org\/{rel}","templated":true}]}}