{"id":1038,"date":"2023-11-06T08:56:08","date_gmt":"2023-11-06T08:56:08","guid":{"rendered":"https:\/\/development.brstdev.com\/atferli\/?page_id=1038"},"modified":"2023-11-06T08:56:08","modified_gmt":"2023-11-06T08:56:08","slug":"final-theses","status":"publish","type":"page","link":"https:\/\/atferli.is\/en\/final-theses\/","title":{"rendered":"Final theses"},"content":{"rendered":"\n<ul class=\"wp-block-list\">\n<li>A\u00f0alhei\u00f0ur Magn\u00fasd\u00f3ttir, Arnhei\u00f0ur J\u00f3nsd\u00f3ttir, Gu\u00f0r\u00fan Erla Ingvad\u00f3ttir, Krist\u00edn Arnard\u00f3ttir, P\u00e9tur G. P\u00e9tursson, \u00deorbj\u00f6rg Vilhj\u00e1lmsd\u00f3ttir and \u00deorger\u00f0ur S. Gu\u00f0mundsd\u00f3ttir (1984).&nbsp;Basic lessons in reading.&nbsp;Unpublished B. Ed.&nbsp;final thesis, Reykjav\u00edk, Iceland Teachers College.<\/li>\n\n\n\n<li>Alma R\u00fan \u00d3lafsd\u00f3ttir and Berglind Arad\u00f3ttir (2006).&nbsp;The effect of teaching Spanish through touch and understanding on the presentation of Icelandic and Spanish internal expressions in five-year-old preschool children.&nbsp;Unpublished final thesis, Akureyri, University of Akureyri.<\/li>\n\n\n\n<li>Anna Ingeborg P\u00e9tursdottir (2006). An evaluation of intraverbal training and listener training for teaching categorization skills. Doktorsritger\u00f0, Kalamazoo, MI, Western Michigan University.<\/li>\n\n\n\n<li>Anna Ingeborg P\u00e9tursdottir (2004).&nbsp;Functional interdependence of mands and tacts in preschool children.&nbsp;\u00d3\u00fatgefin lokaritger\u00f0, Western Michigan University, Kalamazoo, MI<\/li>\n\n\n\n<li>Anna-Lind P\u00e9tursd\u00f3ttir (1996).&nbsp;Behavior therapy for autistic children: On the transfer of learning to hot body part teaching.&nbsp;Unpublished final thesis.&nbsp;Reykjav\u00edk, University of Iceland.<\/li>\n\n\n\n<li>Anna-Lind P\u00e9tursd\u00f3ttir (2001).&nbsp;Instructional techniques based on applied behavior analysis: Staff training and effects on skills.&nbsp;Unpublished final thesis, Reykjav\u00edk, University of Iceland.<\/li>\n\n\n\n<li>Anna Valdimarsd\u00f3ttir (1977).&nbsp;Traditional personality assessment or behavioral analysis?&nbsp;Unpublished final thesis, Reykjav\u00edk, University of Iceland.<\/li>\n\n\n\n<li>Arna Gu\u00f0r\u00fan J\u00f3nsd\u00f3ttir (2001).&nbsp;Application of teaching exercises from behavioral therapy in the speech therapy of a boy with autism.&nbsp;Unpublished final thesis.&nbsp;Reykjav\u00edk, University of Iceland.<\/li>\n\n\n\n<li>Atli Freyr Magn\u00fasson (1996).&nbsp;Treatment of autistic children in Iceland: Evaluation of the adjustment of six to thirteen-year-old autistic children.&nbsp;Unpublished final thesis.&nbsp;Reykjav\u00edk, University of Iceland.<\/li>\n\n\n\n<li>Atli F. Magn\u00fasson (2002). Topography of eye movements under select and reject control. Mastersritger\u00f0, Boston, MA, Northeastern University.<\/li>\n\n\n\n<li>\u00c1sta Bj\u00f6rnsd\u00f3ttir (2007).&nbsp;Evaluation of the selection and strengthening power of token grants when grants are selected before or after a project.&nbsp;Unpublished BA final thesis, Reykjav\u00edk, University of Iceland.<\/li>\n\n\n\n<li>\u00c1sta S\u00e6r\u00fan \u00deorsteinsd\u00f3ttir and Lilja R\u00f3s A\u00f0alsteinsd\u00f3ttir (2006).&nbsp;The effect of internalization teaching and understanding teaching on understanding and internalization in four children of preschool age.&nbsp;Unpublished final thesis, Akureyri, University of Akureyri.<\/li>\n\n\n\n<li>B\u00e1ra Kolbr\u00fan Gylfad\u00f3ttir (2003).&nbsp;The use of behavioral therapy in the teaching of the past tense in a boy with an interactive developmental disorder.&nbsp;Unpublished final thesis, Reykjav\u00edk, University of Iceland.<\/li>\n\n\n\n<li>Edda J\u00f3na Gylfad\u00f3ttir and Svand\u00eds \u00c1sa Sigurj\u00f3nsd\u00f3ttir (1995).&nbsp;Autism: Does treatment work?&nbsp;Unpublished final thesis, Reykjav\u00edk, University of Iceland.<\/li>\n\n\n\n<li>Einar \u00de\u00f3r Ingvarsson (2002). The effects of non-differential and differential reinforcement on problem behaviors and accuracy of responding of autistic children. \u00d3\u00fatgefin lokaritger\u00f0, University of North Texas, Denton.<\/li>\n\n\n\n<li>Einar \u00de\u00f3r Ingvarsson (2005). An evaluation of the importance of the density and contingency of positive reinforcement in the treatment of escape-maintained behavior. Lokaritger\u00f0, University of Kansas, Lawrence.<\/li>\n\n\n\n<li>Einar \u00d6rn Einarsson (2000).&nbsp;Support staff training: transfer of learning material on behavior modification from a course in school.&nbsp;Unpublished final thesis, Reykjav\u00edk, University of Iceland.<\/li>\n\n\n\n<li>Einar Gu\u00f0mundsson (1980).&nbsp;Skinner&#8217;s objections to psychicism.&nbsp;Unpublished final thesis, Reykjav\u00edk, University of Iceland.<\/li>\n\n\n\n<li>Elva Bj\u00f6rk Sigur\u00f0ard\u00f3ttir (1999).&nbsp;Application of behavior analysis in teaching.&nbsp;Unpublished final thesis, Reykjav\u00edk, Iceland Teachers College.<\/li>\n\n\n\n<li>Eva S. K\u00e1rad\u00f3ttir and Margr\u00e9t K. Indri\u00f0ad\u00f3ttir (2001).&nbsp;Practical behavior analysis in school work.&nbsp;Unpublished final thesis, Reykjav\u00edk, University of Iceland.<\/li>\n\n\n\n<li>Funi Sigur\u00f0sson and S\u00f6lvi Tryggvason (2003).&nbsp;Is it possible to change attitudes towards drugs through conditioning?&nbsp;Unpublished final thesis, Reykjav\u00edk, University of Iceland.<\/li>\n\n\n\n<li>Gabr\u00edela Sigur\u00f0ard\u00f3ttir (1985).&nbsp;Rehabilitation of mental patients.&nbsp;Unpublished final thesis, Reykjav\u00edk, University of Iceland.<\/li>\n\n\n\n<li>Gu\u00f0berg K. J\u00f3nsson and Kristj\u00e1n Gr\u00edmsson (1994).&nbsp;Adolescent identity and the form of communication.&nbsp;Unpublished thesis, Reykjav\u00edk, University of Iceland.<\/li>\n\n\n\n<li>Gu\u00f0finna S. Bjarnad\u00f3ttir (1991).&nbsp;Programming Training Materials for Work Redesign Problem Solving.&nbsp;Unpublished final thesis, Morgantown, WV: West-Virginia University.<\/li>\n\n\n\n<li>Gu\u00f0mundur Bjarni Arnkelsson (1981).&nbsp;Skinner&#8217;s description of the term &#8220;Internal Processes.&#8221;&nbsp;Unpublished final thesis, Reykjav\u00edk, University of Iceland.<\/li>\n\n\n\n<li>Gu\u00f0mundur Torfi Heimisson (2004).&nbsp;The importance of program-delivered differential reinforcement in the development of classical music auditory discrimination.&nbsp;Unpublished final thesis, Tampa, University of South Florida.<\/li>\n\n\n\n<li>Gu\u00f0n\u00fd Bergth\u00f3ra Tryggvad\u00f3ttir (2000).&nbsp;Training support workers to use behavior management techniques: Transfer of training.&nbsp;Unpublished final thesis, Reykjav\u00edk, University of Iceland.<\/li>\n\n\n\n<li>Gu\u00f0r\u00ed\u00f0ur Adda Ragnarsd\u00f3ttir (1977).&nbsp;Is behavior modification useful for changing smoking habits?&nbsp;Unpublished final thesis, Reykjav\u00edk, University of Iceland.<\/li>\n\n\n\n<li>Haukur Freyr Gylfason (2002).&nbsp;Behavioral Finance: Expert and Lay Performance.&nbsp;Unpublished final thesis, Reykjav\u00edk, University of Iceland.<\/li>\n\n\n\n<li>Hildur J\u00f3na Bergth\u00f3rsd\u00f3ttir (2004).&nbsp;SOS!&nbsp;Help for parents: Summary of results from TOPI A and TOPI B in the years 2001 to 2003. Unpublished final thesis, Reykjav\u00edk, University of Iceland.<\/li>\n\n\n\n<li>Hildur Valdimarsd\u00f3ttir and Lilja \u00ddr Halld\u00f3rsd\u00f3ttir (2005).&nbsp;Behavioral therapy to increase the variety of food intake of a boy with autism.&nbsp;Unpublished final thesis, Reykjav\u00edk, University of Iceland.<\/li>\n\n\n\n<li>H\u00f6r\u00f0ur \u00deorgilsson (1979).&nbsp;Effects of reward on self-stimulating behavior.&nbsp;Unpublished final thesis, Reykjav\u00edk, University of Iceland.<\/li>\n\n\n\n<li>Ingibj\u00f6rg Sveinsd\u00f3ttir (1999).&nbsp;Rehabilitation of the communication behavior of an adult aphasic patient using the methods of behavioral analysis.&nbsp;Unpublished final thesis, Reykjav\u00edk, University of Iceland.<\/li>\n\n\n\n<li>Ingibj\u00f6rg Sveinsd\u00f3ttir (2001). Using functional communication training to decrease aberrant behavior maintained by access to food. Unpublished master\u2019sresearch, University of Maryland Baltimore County, MD.<\/li>\n\n\n\n<li>Ingibj\u00f6rg Sveinsd\u00f3ttir (2006). Evaluating the efficacy of individualized behavior treatment plans and staff training in the reduction of problem behaviors in a geriatric psychiatric sample. \u00d3\u00fatgefin doktorsritger\u00f0, University of Maryland Baltimore County, MD.<\/li>\n\n\n\n<li>\u00cdris \u00c1rnadottir (2003). The effects of \u201cerrorless\u201d training and testing on the performances of typically developing children during acquisition and retention. \u00d3\u00fatgefin lokaritger\u00f0, University of North Texas, Denton, Tx.<\/li>\n\n\n\n<li>J\u00f3n Gr\u00e9tar Sigurj\u00f3nsson (2004).&nbsp;On Skinner&#8217;s reactionism and radical behaviorism.&nbsp;Unpublished final thesis, Reykjav\u00edk, University of Iceland.<\/li>\n\n\n\n<li>J\u00f3n H\u00e1kon Halld\u00f3rsson (2002).&nbsp;Participants&#8217; experience of the course SOS \u2013 Help for parents.&nbsp;Unpublished final thesis, Reykjav\u00edk, University of Iceland.<\/li>\n\n\n\n<li>Kjartan F. \u00d3lafsson (2004).&nbsp;Functional behavior analysis in school: Using a motivational system to increase obedience and learning behavior in a boy with attention deficit disorder and oppositional defiant disorder.&nbsp;Unpublished final thesis, Reykjav\u00edk, University of Iceland.<\/li>\n\n\n\n<li>Kristin Hallgr\u00edmsd\u00f3ttir (1981).&nbsp;Behavioral treatment and addiction: A review of experiments 1.1.1978-31.3.1981.&nbsp;Unpublished final thesis, Reykjav\u00edk, University of Iceland.<\/li>\n\n\n\n<li>Kristin Gu\u00f0mundsd\u00f3ttir (2002).&nbsp;A measurement system for monitoring play in typically developing children and children with autism.&nbsp;Unpublished final thesis, University of North Texas, Denton, Tx.<\/li>\n\n\n\n<li>Kristj\u00e1n Gu\u00f0mundsson (1983). The Emergence of B.F. Skinner\u00b4s Theory of Operant Behavior: A Case Study in the History and Philosophy of Science. \u00d3\u00fatgefin lokaritger\u00f0, The University of Western Ontarion, London, Ontario, Canada.<\/li>\n\n\n\n<li>L\u00edsa Bj\u00f6rk Reynisd\u00f3ttir (2001).&nbsp;Different implementations of behavioral therapy for children with autism.&nbsp;Unpublished final thesis, Reykjav\u00edk, University of Iceland.<\/li>\n\n\n\n<li>Magn\u00fasson, AF (2002).&nbsp;Topography of eye movements under select and reject control.&nbsp;Unpublished final thesis, Boston, Northeastern University.<\/li>\n\n\n\n<li>Margr\u00e9t Birna \u00de\u00f3rarinsd\u00f3ttir (2001).&nbsp;Teaching self-control for elementary school students with chronic behavioral problems.&nbsp;Unpublished final thesis, Reykjav\u00edk, University of Iceland.<\/li>\n\n\n\n<li>Mar\u00eda Huld Ing\u00f3lfsd\u00f3ttir (2004).&nbsp;Behavioral therapy for sleep disorders in young children.&nbsp;Unpublished final thesis, Reykjav\u00edk, University of Iceland.<\/li>\n\n\n\n<li>P\u00e1ll Jakob L\u00edndal (2003).&nbsp;Positive and&nbsp;<a href=\"https:\/\/atferli.is\/ordabok\/negative-reinforcement\/\">negative reinforcement<\/a>&nbsp;of alcohol consumption.&nbsp;Unpublished final thesis, Reykjav\u00edk, University of Iceland.<\/li>\n\n\n\n<li>Ragnar S. Ragnarsson (1992). Driving speed and its relationship with traffic accident frequency and severity, and two enforcement strategies. \u00d3\u00fatgefin lokaritger\u00f0, St. Cloud State University, St. Cloud, Minnesota.<\/li>\n\n\n\n<li>Ragnar S. Ragnarsson and Thr\u00f6stur Bj\u00f6rgvinson (1989).&nbsp;The effect of speed display on driving speed in Icelandic traffic.&nbsp;Unpublished final thesis, Reykjav\u00edk, University of Iceland.<\/li>\n\n\n\n<li>Rakel D\u00f6gg Hafli\u00f0ad\u00f3ttir (2006).&nbsp;A comparison of four methods of teaching preschool children words in a foreign language.&nbsp;Unpublished final thesis, Akureyri, University of Akureyri.<\/li>\n\n\n\n<li>Sigurr\u00f3s J\u00f3hannsd\u00f3ttir (2003).&nbsp;Self-assessment and peer tutoring to increase the social skills of Icelandic school children.&nbsp;Unpublished final thesis, Reykjav\u00edk, University of Iceland.<\/li>\n\n\n\n<li>S\u00f3lveig Huld Gu\u00f0mundsd\u00f3ttir (2002).&nbsp;Parental training for child abuse.&nbsp;Unpublished final thesis, Reykjav\u00edk, University of Iceland.<\/li>\n\n\n\n<li>Valdimar Sigur\u00f0sson (2003).&nbsp;Development of a decision model to improve the effectiveness of behavioral therapy: Comparing the validity of the matching law and a new model for the design of behavioral therapy.&nbsp;Unpublished final thesis, Reykjav\u00edk, University of Iceland<\/li>\n\n\n\n<li>Valdimar Sigur\u00f0sson (2005).&nbsp;Behavioral analysis as a conceptual system for analyzing the effects of the market councils.&nbsp;Unpublished final thesis, Reykjav\u00edk, University of Iceland.<\/li>\n\n\n\n<li>Valger\u00f0ur Magn\u00fasd\u00f3ttir (1985).&nbsp;Dental phobia: learning theories and experiments with holistic treatment.&nbsp;Unpublished final thesis, Reykjav\u00edk, University of Iceland.<\/li>\n\n\n\n<li>Zuilma Gabriela Sigur\u00f0ard\u00f3ttir (1989).&nbsp;Sequential learning and equivalence classes.&nbsp;Unpublished Master&#8217;s Thesis.&nbsp;Carbondale IL, Southern Illinois University.<\/li>\n\n\n\n<li>Zuilma Gabriela Sigur\u00f0ard\u00f3ttir (1992).&nbsp;Establishing classes of Icelandic nouns with a stimulus equivalence paradigm.&nbsp;Unpublished doctoral dissertation, Boston MA, Northeastern University.<\/li>\n\n\n\n<li>\u00deorger\u00f0ur Krist\u00edn Thr\u00e1insd\u00f3ttir (2003).&nbsp;Performance management in retail: an applied behavior analysis in the workplace.&nbsp;Unpublished final thesis, Reykjav\u00edk, University of Iceland.<\/li>\n\n\n\n<li>\u00de\u00f3rhallur \u00d6rn Flosason (2004).&nbsp;The effect of direct instruction, flash training and a reward system on the performance of a student with a learning disability.&nbsp;Unpublished final thesis, Reykjav\u00edk, University of Iceland.<\/li>\n\n\n\n<li>\u00de\u00f3rhallur \u00d6rn Flosason (2007).&nbsp;The role of the interteach in interteaching.&nbsp;Unpublished master&#8217;s thesis, Western Michigan University, Kalamazoo, Michigan, USA.<\/li>\n\n\n\n<li>\u00c6gir M\u00e1r \u00de\u00f3risson (2001).&nbsp;Safety behavior and safety behavior in a smelter.&nbsp;Unpublished final thesis, Reykjav\u00edk, University of Iceland.<\/li>\n\n\n\n<li>\u00c6var \u00de\u00f3r\u00f3lfsson (2000).&nbsp;Functional behavior analysis: the effect of training on the communication skills of a person with aphasia: Unpublished final thesis, Reykjav\u00edk, University of Iceland.<\/li>\n<\/ul>\n","protected":false},"excerpt":{"rendered":"","protected":false},"author":1,"featured_media":0,"parent":0,"menu_order":0,"comment_status":"closed","ping_status":"closed","template":"","meta":{"inline_featured_image":false,"site-sidebar-layout":"default","site-content-layout":"","ast-site-content-layout":"","site-content-style":"default","site-sidebar-style":"default","ast-global-header-display":"","ast-banner-title-visibility":"","ast-main-header-display":"","ast-hfb-above-header-display":"","ast-hfb-below-header-display":"","ast-hfb-mobile-header-display":"","site-post-title":"","ast-breadcrumbs-content":"","ast-featured-img":"","footer-sml-layout":"","theme-transparent-header-meta":"","adv-header-id-meta":"","stick-header-meta":"","header-above-stick-meta":"","header-main-stick-meta":"","header-below-stick-meta":"","astra-migrate-meta-layouts":"default","ast-page-background-enabled":"default","ast-page-background-meta":{"desktop":{"background-color":"var(--ast-global-color-4)","background-image":"","background-repeat":"repeat","background-position":"center center","background-size":"auto","background-attachment":"scroll","background-type":"","background-media":"","overlay-type":"","overlay-color":"","overlay-gradient":""},"tablet":{"background-color":"","background-image":"","background-repeat":"repeat","background-position":"center center","background-size":"auto","background-attachment":"scroll","background-type":"","background-media":"","overlay-type":"","overlay-color":"","overlay-gradient":""},"mobile":{"background-color":"","background-image":"","background-repeat":"repeat","background-position":"center center","background-size":"auto","background-attachment":"scroll","background-type":"","background-media":"","overlay-type":"","overlay-color":"","overlay-gradient":""}},"ast-content-background-meta":{"desktop":{"background-color":"var(--ast-global-color-5)","background-image":"","background-repeat":"repeat","background-position":"center center","background-size":"auto","background-attachment":"scroll","background-type":"","background-media":"","overlay-type":"","overlay-color":"","overlay-gradient":""},"tablet":{"background-color":"var(--ast-global-color-5)","background-image":"","background-repeat":"repeat","background-position":"center center","background-size":"auto","background-attachment":"scroll","background-type":"","background-media":"","overlay-type":"","overlay-color":"","overlay-gradient":""},"mobile":{"background-color":"var(--ast-global-color-5)","background-image":"","background-repeat":"repeat","background-position":"center center","background-size":"auto","background-attachment":"scroll","background-type":"","background-media":"","overlay-type":"","overlay-color":"","overlay-gradient":""}},"footnotes":""},"class_list":["post-1038","page","type-page","status-publish","hentry"],"_links":{"self":[{"href":"https:\/\/atferli.is\/en\/wp-json\/wp\/v2\/pages\/1038","targetHints":{"allow":["GET"]}}],"collection":[{"href":"https:\/\/atferli.is\/en\/wp-json\/wp\/v2\/pages"}],"about":[{"href":"https:\/\/atferli.is\/en\/wp-json\/wp\/v2\/types\/page"}],"author":[{"embeddable":true,"href":"https:\/\/atferli.is\/en\/wp-json\/wp\/v2\/users\/1"}],"replies":[{"embeddable":true,"href":"https:\/\/atferli.is\/en\/wp-json\/wp\/v2\/comments?post=1038"}],"version-history":[{"count":1,"href":"https:\/\/atferli.is\/en\/wp-json\/wp\/v2\/pages\/1038\/revisions"}],"predecessor-version":[{"id":1039,"href":"https:\/\/atferli.is\/en\/wp-json\/wp\/v2\/pages\/1038\/revisions\/1039"}],"wp:attachment":[{"href":"https:\/\/atferli.is\/en\/wp-json\/wp\/v2\/media?parent=1038"}],"curies":[{"name":"wp","href":"https:\/\/api.w.org\/{rel}","templated":true}]}}